{"id":6340,"date":"2026-02-14T13:19:26","date_gmt":"2026-02-14T12:19:26","guid":{"rendered":"https:\/\/a360.pl\/?page_id=6340"},"modified":"2026-02-14T13:26:17","modified_gmt":"2026-02-14T12:26:17","slug":"zamow-teraz","status":"publish","type":"page","link":"https:\/\/a360.pl\/en\/zamow-teraz\/","title":{"rendered":"Zam\u00f3w teraz"},"content":{"rendered":"\n<h2 class=\"wp-block-heading\" id=\"wirtualny-spacer-3d-dla-twojego-biznesu\">Wirtualny spacer 3D dla twojego biznesu<\/h2>\n\n\n\n<div class=\"wp-block-greenshift-blocks-row gspb_row gspb_row-id-gsbp-3d6dd7b\" id=\"gspb_row-id-gsbp-3d6dd7b\"><div class=\"gspb_row__content\"> \n<div class=\"wp-block-greenshift-blocks-row-column gspb_row__col--12 gspb_col-id-gsbp-47e11c7\" id=\"gspb_col-id-gsbp-47e11c7\">\n<div class=\"wp-block-group is-nowrap is-layout-flex wp-container-core-group-is-layout-6c531013 wp-block-group-is-layout-flex\">\n<p>Zwi\u0119ksz konwercj\u0119, wyr\u00f3\u017cnij ofert\u0119 i poka\u017c przestrze\u0144 tak, jak widz\u0105 j\u0105 klienci.<\/p>\n\n\n\n<iframe src=\"https:\/\/www.google.com\/maps\/embed?pb=!4v1771071422271!6m8!1m7!1sCAoSHENJQUJJaEExbEI2MWtaNnBPNTJCTWNqVXJwUkU.!2m2!1d52.22476823833565!2d20.99145830394014!3f33.437637006726185!4f-0.7284887268018565!5f0.7820865974627469\" width=\"100%\" height=\"450\" style=\"border:0;\" allowfullscreen=\"\" loading=\"lazy\" referrerpolicy=\"no-referrer-when-downgrade\"><\/iframe>\n<\/div>\n\n\n\n<div class=\"wp-block-buttons is-layout-flex wp-block-buttons-is-layout-flex\">\n<div class=\"wp-block-button\"><a class=\"wp-block-button__link wp-element-button\" href=\"https:\/\/a360.pl\/wycena\/\">Zam\u00f3w wycen\u0119<\/a><\/div>\n<\/div>\n<\/div>\n <\/div><\/div>\n\n\n\n<p><\/p>\n","protected":false},"excerpt":{"rendered":"<p>Wirtualny spacer 3D dla twojego biznesu<\/p>\n","protected":false},"author":1,"featured_media":0,"parent":0,"menu_order":0,"comment_status":"closed","ping_status":"closed","template":"","meta":{"footnotes":""},"class_list":["post-6340","page","type-page","status-publish","hentry"],"_links":{"self":[{"href":"https:\/\/a360.pl\/en\/wp-json\/wp\/v2\/pages\/6340","targetHints":{"allow":["GET"]}}],"collection":[{"href":"https:\/\/a360.pl\/en\/wp-json\/wp\/v2\/pages"}],"about":[{"href":"https:\/\/a360.pl\/en\/wp-json\/wp\/v2\/types\/page"}],"author":[{"embeddable":true,"href":"https:\/\/a360.pl\/en\/wp-json\/wp\/v2\/users\/1"}],"replies":[{"embeddable":true,"href":"https:\/\/a360.pl\/en\/wp-json\/wp\/v2\/comments?post=6340"}],"version-history":[{"count":3,"href":"https:\/\/a360.pl\/en\/wp-json\/wp\/v2\/pages\/6340\/revisions"}],"predecessor-version":[{"id":6344,"href":"https:\/\/a360.pl\/en\/wp-json\/wp\/v2\/pages\/6340\/revisions\/6344"}],"wp:attachment":[{"href":"https:\/\/a360.pl\/en\/wp-json\/wp\/v2\/media?parent=6340"}],"curies":[{"name":"wp","href":"https:\/\/api.w.org\/{rel}","templated":true}]}}