{"id":2,"date":"2025-01-14T13:53:11","date_gmt":"2025-01-14T12:53:11","guid":{"rendered":"https:\/\/a360.pl\/?page_id=2"},"modified":"2026-05-10T23:02:15","modified_gmt":"2026-05-10T21:02:15","slug":"glowna-strona","status":"publish","type":"page","link":"https:\/\/a360.pl\/en\/","title":{"rendered":"Zwi\u0119ksz liczb\u0119 klient\u00f3w z Google Maps o 30\u201370% w 7 dni"},"content":{"rendered":"\n<h2 class=\"wp-block-heading has-x-large-font-size\">Tworzymy wirtualne spacery 3D + optymalizujemy Twoj\u0105 wizyt\u00f3wk\u0119 Google, \u017ceby klienci trafiali do Ciebie zamiast do konkurencji.<\/h2>\n\n\n\n<p>\u2714 publikacja bezpo\u015brednio w Google Maps <\/p>\n\n\n\n<p>\u2714 wi\u0119cej telefon\u00f3w i zapyta\u0144 <\/p>\n\n\n\n<p>\u2714 jednorazowy koszt \u2013 bez abonamentu<\/p>\n\n\n\n<div class=\"wp-block-buttons is-layout-flex wp-block-buttons-is-layout-flex\">\n<div class=\"wp-block-button\"><a class=\"wp-block-button__link wp-element-button\">\ud83d\udc49 Sprawd\u017a ile klient\u00f3w tracisz (darmowa analiza)<\/a><\/div>\n<\/div>\n\n\n\n<p><\/p>\n\n\n\n<div class=\"wp-block-group is-nowrap is-layout-flex wp-container-core-group-is-layout-6c531013 wp-block-group-is-layout-flex\">\n<div class=\"wp-block-columns is-style-default has-accent-1-color has-contrast-background-color has-text-color has-background has-link-color has-medium-font-size wp-elements-5e57503a9ff1b7684f84228a70797a6b wp-container-content-9cfa9a5a is-layout-flex wp-container-core-columns-is-layout-8d88fe0f wp-block-columns-is-layout-flex\" style=\"padding-top:var(--wp--preset--spacing--20);padding-bottom:var(--wp--preset--spacing--20)\">\n<div class=\"wp-block-column has-medium-font-size is-layout-flow wp-block-column-is-layout-flow\">\n<p><a href=\"https:\/\/a360.pl\/wirtualny-spacer-google-street-view\/\" data-type=\"post\" data-id=\"6030\">Wirtualny spacer Google Street View<\/a><\/p>\n<\/div>\n\n\n\n<div class=\"wp-block-column is-layout-flow wp-block-column-is-layout-flow\">\n<p><a href=\"https:\/\/a360.pl\/wirtualny-spacer-matterport\/\" data-type=\"post\" data-id=\"6044\">Wirtualny spacer Matterport 3D<\/a><\/p>\n<\/div>\n\n\n\n<div class=\"wp-block-column is-layout-flow wp-block-column-is-layout-flow\">\n<p><a href=\"https:\/\/a360.pl\/zdjecia-sferyczne-z-drona\/\" data-type=\"post\" data-id=\"6128\">Zdj\u0119cia sferyczne z drona \u2013 ruch na Facebooku<\/a><\/p>\n<\/div>\n\n\n\n<div class=\"wp-block-column is-layout-flow wp-block-column-is-layout-flow\">\n<p><a href=\"https:\/\/a360.pl\/wizytowka-twojej-firmy-w-google-maps\/\" data-type=\"post\" data-id=\"5990\">Wizyt\u00f3wka Twojej firmy w Google Maps<\/a><\/p>\n<\/div>\n<\/div>\n\n\n\n<p><\/p>\n<\/div>\n\n\n\n<h2 class=\"wp-block-heading\">Twoja firma jest w Google\u2026 ale klienci wybieraj\u0105 konkurencj\u0119<\/h2>\n\n\n\n<p><a href=\"https:\/\/www.google.com\/intl\/en_uk\/streetview\/business\/\">Rekomendacje Google<\/a>: <strong>Poka\u017c swoj\u0105 firm\u0119 od \u015brodka i na zewn\u0105trz<\/strong> ( <a href=\"https:\/\/www.google.com\/intl\/en_uk\/streetview\/business\/\">dokumentacja Google<\/a>)<\/p>\n\n\n\n<ul class=\"wp-block-list\">\n<li>masz wizyt\u00f3wk\u0119, ale ma\u0142o wej\u015b\u0107<\/li>\n\n\n\n<li>konkurencja wygl\u0105da lepiej<\/li>\n\n\n\n<li>klient nie widzi wn\u0119trza \u2192 nie ufa<\/li>\n<\/ul>\n\n\n\n<p>\ud83d\udc49 Je\u015bli nie poka\u017cesz firmy \u201eod \u015brodka\u201d \u2013 przegrywasz decyzj\u0119 klienta<\/p>\n\n\n\n<h2 class=\"wp-block-heading\">Zamie\u0144 Google Maps w swoj\u0105 najlepsz\u0105 reklam\u0119<\/h2>\n\n\n\n<p>Tworzymy interaktywny spacer 3D + optymalizujemy Twoj\u0105 wizyt\u00f3wk\u0119, dzi\u0119ki czemu klient:<\/p>\n\n\n\n<ul class=\"wp-block-list\">\n<li>\u201ewchodzi\u201d do Twojej firmy online<\/li>\n\n\n\n<li>sp\u0119dza wi\u0119cej czasu<\/li>\n\n\n\n<li>cz\u0119\u015bciej dzwoni i przychodzi<\/li>\n<\/ul>\n\n\n\n<h2 class=\"wp-block-heading\">Realne efekty u naszych klient\u00f3w<\/h2>\n\n\n\n<p><strong>Boxy:<\/strong><\/p>\n\n\n\n<p><strong>\ud83c\udf7d Restauracja<\/strong><br>+48% wej\u015b\u0107 z Google Maps<br>+35% wi\u0119cej rezerwacji<\/p>\n\n\n\n<p><strong>\ud83d\udc85 Salon beauty<\/strong><br>2x wi\u0119cej telefon\u00f3w<br>+60% klikni\u0119\u0107 \u201ewyznacz tras\u0119\u201d<\/p>\n\n\n\n<p><strong>\ud83c\udfe2 Deweloper<\/strong><br>+32% zapyta\u0144 o ofert\u0119<\/p>\n\n\n\n<h2 class=\"wp-block-heading\">OFERTA<\/h2>\n\n\n\n<h3 class=\"wp-block-heading\">Wybierz pakiet i zacznij przyci\u0105ga\u0107 klient\u00f3w z Google<\/h3>\n\n\n\n<div class=\"wp-block-columns is-layout-flex wp-container-core-columns-is-layout-98e45e4a wp-block-columns-is-layout-flex\" style=\"border-top-left-radius:20px;border-top-right-radius:20px;border-bottom-left-radius:20px;border-bottom-right-radius:20px;margin-top:var(--wp--preset--spacing--20);margin-bottom:var(--wp--preset--spacing--20);padding-top:var(--wp--preset--spacing--20);padding-right:var(--wp--preset--spacing--20);padding-bottom:var(--wp--preset--spacing--20);padding-left:var(--wp--preset--spacing--20)\">\n<div class=\"wp-block-column has-border-color has-accent-3-border-color has-base-color has-text-color has-background has-link-color wp-elements-16eaf2096e96ae2e34960b8399984a7b is-layout-flow wp-block-column-is-layout-flow\" style=\"border-width:7px;border-top-left-radius:20px;border-top-right-radius:20px;border-bottom-left-radius:20px;border-bottom-right-radius:20px;background:linear-gradient(135deg,rgb(255,82,88) 0%,rgb(132,1,255) 100%);padding-top:var(--wp--preset--spacing--20);padding-right:var(--wp--preset--spacing--20);padding-bottom:var(--wp--preset--spacing--20);padding-left:var(--wp--preset--spacing--20)\">\n<h2 class=\"wp-block-heading\">BASIC<\/h2>\n\n\n\n<p><strong>\u2013 od 599 z\u0142<\/strong><\/p>\n\n\n\n<ul class=\"wp-block-list\">\n<li>spacer 360  do 100m^2<\/li>\n\n\n\n<li>publikacja w Google<\/li>\n\n\n\n<li>10 zdj\u0119\u0107<\/li>\n<\/ul>\n\n\n\n<div class=\"wp-block-buttons is-layout-flex wp-block-buttons-is-layout-flex\">\n<div class=\"wp-block-button\"><a class=\"wp-block-button__link wp-element-button\" href=\"https:\/\/a360.pl\/wycena\/\">Poka\u017c lokal<\/a><\/div>\n<\/div>\n<\/div>\n\n\n\n<div class=\"wp-block-column has-border-color has-accent-3-border-color has-base-color has-text-color has-background has-link-color wp-elements-f3ba2c60a16efd26913b95ea18979e9f is-layout-flow wp-block-column-is-layout-flow\" style=\"border-width:7px;border-top-left-radius:20px;border-top-right-radius:20px;border-bottom-left-radius:20px;border-bottom-right-radius:20px;background:linear-gradient(135deg,rgb(107,91,255) 0%,rgb(132,1,255) 100%);padding-top:var(--wp--preset--spacing--20);padding-right:var(--wp--preset--spacing--20);padding-bottom:var(--wp--preset--spacing--20);padding-left:var(--wp--preset--spacing--20)\">\n<h2 class=\"wp-block-heading\">PRO<\/h2>\n\n\n\n<p><strong>\u2013 od 999 z\u0142<\/strong><\/p>\n\n\n\n<ul class=\"wp-block-list\">\n<li>wi\u0119kszy spacer<\/li>\n\n\n\n<li>optymalizacja wizyt\u00f3wki<\/li>\n\n\n\n<li>SEO lokalne<\/li>\n<\/ul>\n\n\n\n<div class=\"wp-block-buttons is-layout-flex wp-block-buttons-is-layout-flex\">\n<div class=\"wp-block-button\"><a class=\"wp-block-button__link wp-element-button\" href=\"https:\/\/a360.pl\/wycena\/\">Chc\u0119 wi\u0119cej klient\u00f3w<\/a><\/div>\n<\/div>\n<\/div>\n\n\n\n<div class=\"wp-block-column has-border-color has-accent-3-border-color has-base-color has-text-color has-background has-link-color wp-elements-e9eee44762b2045494bd58ffb4adc0e5 is-layout-flow wp-block-column-is-layout-flow\" style=\"border-width:7px;border-top-left-radius:20px;border-top-right-radius:20px;border-bottom-left-radius:20px;border-bottom-right-radius:20px;background:linear-gradient(135deg,rgb(53,253,50) 0%,rgb(132,0,255) 100%);padding-top:var(--wp--preset--spacing--20);padding-right:var(--wp--preset--spacing--20);padding-bottom:var(--wp--preset--spacing--20);padding-left:var(--wp--preset--spacing--20)\">\n<h2 class=\"wp-block-heading\"><strong>PREMIUM<\/strong><\/h2>\n\n\n\n<p><strong>\u2013 od 1999 z\u0142<\/strong><\/p>\n\n\n\n<ul class=\"wp-block-list\">\n<li>pe\u0142ny spacer<\/li>\n\n\n\n<li>SEO + content<\/li>\n\n\n\n<li class=\"has-base-color has-text-color has-link-color wp-elements-13ce439f721a678dbee21eb3624e1e8c\">strategia Google Maps<\/li>\n<\/ul>\n\n\n\n<div class=\"wp-block-buttons is-layout-flex wp-block-buttons-is-layout-flex\">\n<div class=\"wp-block-button\"><a class=\"wp-block-button__link wp-element-button\" href=\"https:\/\/a360.pl\/wycena\/\">Zr\u00f3bmy to!<\/a><\/div>\n<\/div>\n<\/div>\n<\/div>\n\n\n\n<div class=\"wp-block-buttons is-layout-flex wp-block-buttons-is-layout-flex\">\n<div class=\"wp-block-button\"><a class=\"wp-block-button__link wp-element-button\" href=\"https:\/\/a360.pl\/wycena\/\"><strong>Zam\u00f3w wycen\u0119 w 1h<\/strong><\/a><\/div>\n<\/div>\n\n\n\n<h2 class=\"wp-block-heading\">Dlaczego klienci wybieraj\u0105 firmy ze spacerem 3D?<\/h2>\n\n\n\n<div class=\"wp-block-columns is-layout-flex wp-container-core-columns-is-layout-28f84493 wp-block-columns-is-layout-flex\">\n<div class=\"wp-block-column is-layout-flow wp-block-column-is-layout-flow\">\n<p>\ud83d\udd39 wi\u0119ksze zaufanie (widz\u0105 wn\u0119trze) <\/p>\n\n\n\n<p>\ud83d\udd39 wi\u0119cej czasu na wizyt\u00f3wce <\/p>\n\n\n\n<p>\ud83d\udd39 wy\u017csza pozycja w Google Maps <\/p>\n\n\n\n<p>\ud83d\udd39 lepsze pierwsze wra\u017cenie<\/p>\n<\/div>\n\n\n\n<div class=\"wp-block-column is-layout-flow wp-block-column-is-layout-flow\">\n<iframe src=\"https:\/\/www.google.com\/maps\/embed?pb=!4v1777452305764!6m8!1m7!1sCAoSHENJQUJJaENWQlhpajc2TndDdDZDcXBhWmN6UXY.!2m2!1d52.22487250482951!2d20.99179466618985!3f251.42563815058486!4f-2.2773303157760836!5f0.7820865974627469\" width=\"340\" height=\"450\" style=\"border:0;\" allowfullscreen=\"\" loading=\"lazy\" referrerpolicy=\"no-referrer-when-downgrade\"><\/iframe>\n<\/div>\n<\/div>\n\n\n\n<h2 class=\"wp-block-heading\">Pobierz darmowy raport<\/h2>\n\n\n\n<p>10 b\u0142\u0119d\u00f3w wizyt\u00f3wki Google, kt\u00f3re zabieraj\u0105 klient\u00f3w<\/p>\n\n\n\n<div class=\"wp-block-buttons is-layout-flex wp-block-buttons-is-layout-flex\">\n<div class=\"wp-block-button\"><a class=\"wp-block-button__link wp-element-button\" href=\"https:\/\/a360.pl\/wycena\/\">Wy\u015blij raport<\/a><\/div>\n<\/div>\n\n\n\n<p>\u26aa <strong><a href=\"https:\/\/a360.pl\/demo\/\" data-type=\"page\" data-id=\"5760\">Zobacz demo<\/a><\/strong><\/p>\n\n\n\n<div class=\"wp-block-columns is-layout-flex wp-container-core-columns-is-layout-28f84493 wp-block-columns-is-layout-flex\">\n<div class=\"wp-block-column is-layout-flow wp-block-column-is-layout-flow\">\n<figure class=\"wp-block-video\"><video height=\"480\" style=\"aspect-ratio: 854 \/ 480;\" width=\"854\" autoplay loop muted poster=\"https:\/\/a360.pl\/wp-content\/uploads\/2024\/07\/psb-Mrowka-2-mov-image.jpg\" src=\"https:\/\/a360.pl\/wp-content\/uploads\/2026\/01\/psb-Mrowka-2.mov\" playsinline><\/video><\/figure>\n<\/div>\n\n\n\n<div class=\"wp-block-column is-layout-flow wp-block-column-is-layout-flow\">\n<div class=\"wp-block-group has-global-padding is-layout-constrained wp-block-group-is-layout-constrained\">\n<h3 class=\"wp-block-heading\"><strong>CO ROBIMY<\/strong><\/h3>\n\n\n\n<ul class=\"wp-block-list\">\n<li><a href=\"https:\/\/discover.matterport.com\/\" target=\"_blank\" rel=\"noreferrer noopener\">Wirtualne spacery 3D (Matterport)<\/a><\/li>\n\n\n\n<li>Zdj\u0119cia i <a href=\"https:\/\/a360.pl\/filmy\/\" data-type=\"page\" data-id=\"5797\">filmy<\/a> z drona<\/li>\n\n\n\n<li>Fotografia wn\u0119trz \/ architektury<\/li>\n\n\n\n<li>Obs\u0142uga inwestycji i firm<\/li>\n<\/ul>\n<\/div>\n<\/div>\n<\/div>\n\n\n\n<hr class=\"wp-block-separator has-alpha-channel-opacity\"\/>\n\n\n\n<div class=\"wp-block-columns is-layout-flex wp-container-core-columns-is-layout-28f84493 wp-block-columns-is-layout-flex\">\n<div class=\"wp-block-column is-layout-flow wp-block-column-is-layout-flow\">\n<div class=\"wp-block-group has-global-padding is-layout-constrained wp-block-group-is-layout-constrained\">\n<h3 class=\"wp-block-heading\"><strong>DLA KOGO<\/strong><\/h3>\n\n\n\n<ul class=\"wp-block-list\">\n<li>\ud83c\udfe2 Deweloperzy<\/li>\n\n\n\n<li>\ud83c\udfe0 Biura nieruchomo\u015bci<\/li>\n\n\n\n<li>\ud83c\udfe8 Hotele i apartamenty<\/li>\n\n\n\n<li>\ud83c\udfed Firmy \/ hale \/ magazyny<\/li>\n\n\n\n<li>\ud83c\udfeb Instytucje \/ szko\u0142y<\/li>\n<\/ul>\n<\/div>\n<\/div>\n\n\n\n<div class=\"wp-block-column is-layout-flow wp-block-column-is-layout-flow\">\n<iframe src=\"https:\/\/www.google.com\/maps\/embed?pb=!4v1768606367593!6m8!1m7!1sCAoSLEFGMVFpcE1KV1ZJMml2eUg2d2NBUTVHWDB4M08yYnlyN1pXaWVPYmVVY1d4!2m2!1d51.91180561106528!2d21.60068062703429!3f0!4f0!5f1.6015350941709188\" width=\"100%\" height=\"250\" style=\"border:0;\" allowfullscreen=\"\" loading=\"lazy\" referrerpolicy=\"no-referrer-when-downgrade\"><\/iframe>\n<\/div>\n<\/div>\n\n\n\n<hr class=\"wp-block-separator has-alpha-channel-opacity\"\/>\n\n\n\n<h3 class=\"wp-block-heading\"><strong>DLACZEGO A360?<\/strong><\/h3>\n\n\n\n<div class=\"wp-block-columns is-layout-flex wp-container-core-columns-is-layout-28f84493 wp-block-columns-is-layout-flex\">\n<div class=\"wp-block-column is-layout-flow wp-block-column-is-layout-flow\">\n<iframe src=\"https:\/\/www.google.com\/maps\/embed?pb=!4v1768568267514!6m8!1m7!1sCAoSHENJQUJJaENWQlhpajc2TndDdDZDcXBhWmN6UXY.!2m2!1d52.22487250482951!2d20.99179466618985!3f255.6943623537415!4f5.43097708825978!5f0.7820865974627469\" width=\"100%\" height=\"250\" style=\"border:0;\" allowfullscreen=\"\" loading=\"lazy\" referrerpolicy=\"no-referrer-when-downgrade\"><\/iframe>\n<\/div>\n\n\n\n<div class=\"wp-block-column is-layout-flow wp-block-column-is-layout-flow\">\n<ul class=\"wp-block-list\">\n<li>Certyfikowany Matterport Pro<\/li>\n\n\n\n<li>Realne przyk\u0142ady realizacji<\/li>\n\n\n\n<li>Szybkie terminy<\/li>\n\n\n\n<li>Obs\u0142uga ca\u0142ej Polski<\/li>\n\n\n\n<li>Do\u015bwiadczenie + technologia<\/li>\n<\/ul>\n<\/div>\n<\/div>\n\n\n\n<hr class=\"wp-block-separator has-alpha-channel-opacity\"\/>\n\n\n\n<div class=\"wp-block-columns is-layout-flex wp-container-core-columns-is-layout-28f84493 wp-block-columns-is-layout-flex\">\n<div class=\"wp-block-column is-layout-flow wp-block-column-is-layout-flow\">\n<div class=\"wp-block-group has-global-padding is-layout-constrained wp-block-group-is-layout-constrained\">\n<h3 class=\"wp-block-heading\"><strong>REALIZACJE (portfolio)<\/strong><\/h3>\n\n\n\n<ul class=\"wp-block-list\">\n<li><a href=\"https:\/\/a360.pl\/demo\/\" data-type=\"page\" data-id=\"5760\">Wirtualny spacer 360<\/a><\/li>\n\n\n\n<li>Nieruchomo\u015bci \/ biznes \/ dron<\/li>\n\n\n\n<li><strong>Zobacz pe\u0142ne<\/strong> <a href=\"https:\/\/a360.pl\/demo\/\" data-type=\"page\" data-id=\"5760\">Demo<\/a><strong>portfolio<\/strong><\/li>\n<\/ul>\n<\/div>\n<\/div>\n\n\n\n<div class=\"wp-block-column is-layout-flow wp-block-column-is-layout-flow\">\n<div class=\"wp-block-group has-global-padding is-layout-constrained wp-block-group-is-layout-constrained\">\n<h3 class=\"wp-block-heading\"><strong>JAK WYGL\u0104DA WSP\u00d3\u0141PRACA?<\/strong><\/h3>\n\n\n\n<ol class=\"wp-block-list\">\n<li>Kontakt i <a href=\"https:\/\/a360.pl\/brief\/\" data-type=\"page\" data-id=\"5908\">brief<\/a><\/li>\n\n\n\n<li><a href=\"https:\/\/a360.pl\/wycena\/\" data-type=\"page\" data-id=\"55\">Wycena<\/a><\/li>\n\n\n\n<li>Realizacja<\/li>\n\n\n\n<li>Gotowe materia\u0142y + publikacja<\/li>\n<\/ol>\n<\/div>\n<\/div>\n<\/div>\n\n\n\n<hr class=\"wp-block-separator has-alpha-channel-opacity\"\/>\n\n\n\n<p><strong>Jak zwi\u0119kszamy widoczno\u015b\u0107 w Google Maps\u201d<\/strong><br>z krokami:<\/p>\n\n\n\n<ol class=\"wp-block-list\">\n<li>spacer<\/li>\n\n\n\n<li>zdj\u0119cia<\/li>\n\n\n\n<li>optymalizacja<\/li>\n\n\n\n<li>publikacje<\/li>\n<\/ol>\n\n\n\n<blockquote class=\"wp-block-quote is-layout-flow wp-block-quote-is-layout-flow\">\n<p><strong>Chcesz zwi\u0119kszy\u0107 sprzeda\u017c lub zainteresowanie ofert\u0105?<\/strong><br>\ud83d\udc49 <a href=\"https:\/\/a360.pl\/wycena\/\" data-type=\"page\" data-id=\"55\">Zam\u00f3w bezp\u0142atn\u0105 wycen\u0119<\/a><\/p>\n<\/blockquote>\n\n\n\n<p><\/p>\n","protected":false},"excerpt":{"rendered":"<p>Tworzymy wirtualne spacery 3D + optymalizujemy Twoj\u0105 wizyt\u00f3wk\u0119 Google, \u017ceby klienci trafiali do Ciebie zamiast do konkurencji. \u2714 publikacja bezpo\u015brednio w Google Maps \u2714 wi\u0119cej telefon\u00f3w i zapyta\u0144 \u2714 jednorazowy koszt \u2013 bez abonamentu Wirtualny spacer Google Street View Wirtualny spacer Matterport 3D Zdj\u0119cia sferyczne z drona \u2013 ruch na Facebooku Wizyt\u00f3wka Twojej firmy w [&hellip;]<\/p>\n","protected":false},"author":1,"featured_media":0,"parent":0,"menu_order":0,"comment_status":"closed","ping_status":"closed","template":"","meta":{"ngg_post_thumbnail":0,"footnotes":""},"class_list":["post-2","page","type-page","status-publish","hentry"],"_links":{"self":[{"href":"https:\/\/a360.pl\/en\/wp-json\/wp\/v2\/pages\/2","targetHints":{"allow":["GET"]}}],"collection":[{"href":"https:\/\/a360.pl\/en\/wp-json\/wp\/v2\/pages"}],"about":[{"href":"https:\/\/a360.pl\/en\/wp-json\/wp\/v2\/types\/page"}],"author":[{"embeddable":true,"href":"https:\/\/a360.pl\/en\/wp-json\/wp\/v2\/users\/1"}],"replies":[{"embeddable":true,"href":"https:\/\/a360.pl\/en\/wp-json\/wp\/v2\/comments?post=2"}],"version-history":[{"count":93,"href":"https:\/\/a360.pl\/en\/wp-json\/wp\/v2\/pages\/2\/revisions"}],"predecessor-version":[{"id":7111,"href":"https:\/\/a360.pl\/en\/wp-json\/wp\/v2\/pages\/2\/revisions\/7111"}],"wp:attachment":[{"href":"https:\/\/a360.pl\/en\/wp-json\/wp\/v2\/media?parent=2"}],"curies":[{"name":"wp","href":"https:\/\/api.w.org\/{rel}","templated":true}]}}